{"id":3,"date":"2019-01-15T20:50:04","date_gmt":"2019-01-15T19:50:04","guid":{"rendered":"http:\/?page_id=3"},"modified":"2019-12-05T14:47:30","modified_gmt":"2019-12-05T13:47:30","slug":"privacy-policy","status":"publish","type":"page","link":"https:\/\/www.k-s.lu\/sv\/privacy-policy\/","title":{"rendered":"Integritetspolicy"},"content":{"rendered":"<h2 class=\"wp-block-heading\">Vilka vi \u00e4r<\/h2>\n\n\n\n<p>Our website address is: https:\/\/www.k-s.lu and our main company resides in Luxembourg with a Swedish branch.<\/p>\n\n\n\n<p><strong>KUYLENSTIERNA &amp; SKOG SA<\/strong><br>PO. BOX 574 L-2015 Luxemburg<br>VAT: LU 18229523 \u2013 RCS: B 74203<br><\/p>\n\n\n\n<p>Bes\u00f6ksadress:<br> 74 Grand-rue L-1660 Luxembourg\u00a0  <br><br><strong>KUYLENSTIERNA &amp; SKOG SA-FILIAL<\/strong><br>Birger Jarlsgatan 55, 11145 Stockholm<br>Org. nr. 516411-0586<\/p>\n\n\n\n<h2 class=\"wp-block-heading\">Vilka personuppgifter samlar vi in och varf\u00f6r samlar vi in dem<\/h2>\n\n\n\n<p>Du kan n\u00e4r som helst granska och redigera din <a href=\"#\" class=\"gdpr-preferences\">Privacy Settings<\/a>.<\/p>\n\n\n\n<h3 class=\"wp-block-heading\">Cookies<\/h3>\n\n\n\n<p>Om du har ett konto och du loggar in p\u00e5 den h\u00e4r sidan st\u00e4ller vi in en tillf\u00e4llig cookie f\u00f6r att avg\u00f6ra om din webbl\u00e4sare accepterar cookies. Den h\u00e4r cookien inneh\u00e5ller inga personuppgifter och kasseras n\u00e4r du st\u00e4nger webbl\u00e4saren.<\/p>\n\n\n\n<p>N\u00e4r du loggar in kommer vi ocks\u00e5 att skapa flera cookies f\u00f6r att spara dina inloggningsuppgifter och dina sk\u00e4rmdisplayval. Inloggningskakorna varar i tv\u00e5 dagar, och sk\u00e4rmalternativen cookies h\u00e5ller i ett \u00e5r. Om du v\u00e4ljer &quot;Kom ih\u00e5g mig&quot; kommer din inloggning att forts\u00e4tta i tv\u00e5 veckor. Om du loggar ut fr\u00e5n ditt konto kommer inloggningskakorna att tas bort.<\/p>\n\n\n\n<p>Om du redigerar eller publicerar en artikel sparas en ytterligare cookie i din webbl\u00e4sare. Denna cookie inneh\u00e5ller inga personuppgifter och anger bara post-id f\u00f6r den artikel som du just redigerat. Den l\u00f6per ut efter 1 dag.<\/p>\n\n\n\n<p>N\u00e4r du f\u00f6rst bes\u00f6ker v\u00e5r webbplats samlar vi in plats, IP-adress och webbl\u00e4sartyp: vi anv\u00e4nder det h\u00e4r f\u00f6r att best\u00e4mma spr\u00e5ket som ska visas.<\/p>\n\n\n\n<h3 class=\"wp-block-heading\">Inb\u00e4ddat inneh\u00e5ll fr\u00e5n andra webbplatser<\/h3>\n\n\n\n<p>Sidor p\u00e5 den h\u00e4r webbplatsen kan inneh\u00e5lla inb\u00e4ddat inneh\u00e5ll (t.ex. videor, bilder, artiklar, etc.). Inb\u00e4ddat inneh\u00e5ll fr\u00e5n andra webbplatser beter sig p\u00e5 exakt samma s\u00e4tt som om bes\u00f6karen har bes\u00f6kt den andra webbplatsen.<\/p>\n\n\n\n<p>Dessa webbplatser kan samla in data om dig, anv\u00e4nda cookies, b\u00e4dda in ytterligare sp\u00e5rning fr\u00e5n tredje part och \u00f6vervaka din interaktion med det inbyggda inneh\u00e5llet, inklusive att sp\u00e5ra din interaktion med det inb\u00e4ddade inneh\u00e5llet om du har ett konto och \u00e4r inloggad p\u00e5 den webbplatsen.<\/p>\n\n\n\n<h3 class=\"wp-block-heading\">Analytics<\/h3>\n\n\n\n<p>Webbplatsen anv\u00e4nder Google Analytics, en webbanalystj\u00e4nst som tillhandah\u00e5lls av Google Inc. Google Analytics anv\u00e4nder cookies som genererar information n\u00e4r du bes\u00f6ker v\u00e5r webbplats. Denna information, anonymisering av alla IP-adresser, vidarebefordras till och lagras p\u00e5 Googles servrar. Google anv\u00e4nder denna information f\u00f6r att utv\u00e4rdera hur du anv\u00e4nder v\u00e5r webbplats, f\u00f6r att sammanst\u00e4lla rapporter om dina aktiviteter och f\u00f6r att tillhandah\u00e5lla andra tj\u00e4nster som visar dina aktiviteter p\u00e5 v\u00e5r hemsida och p\u00e5 Internet. Google kan ocks\u00e5 vidarebefordra denna information till en tredje part om detta kr\u00e4vs enligt lag, eller om en tredje part behandlar informationen p\u00e5 uppdrag av Google. Genom att anv\u00e4nda denna webbplats ger du ditt samtycke till att Google behandlar din personliga information p\u00e5 ett s\u00e4tt och f\u00f6r de \u00e4ndam\u00e5l som beskrivs ovan.<\/p>\n\n\n\n<h2 class=\"wp-block-heading\">Hur l\u00e4nge vi beh\u00e5ller dina data<\/h2>\n\n\n\n<p>F\u00f6r anv\u00e4ndare som registrerar sig p\u00e5 v\u00e5r hemsida (om n\u00e5gon) lagrar vi ocks\u00e5 de personuppgifter som de tillhandah\u00e5ller i deras anv\u00e4ndarprofil. Alla anv\u00e4ndare kan n\u00e4r som helst se, redigera eller ta bort sin personliga information (f\u00f6rutom att de inte kan \u00e4ndra anv\u00e4ndarnamnet). Webbplatsadministrat\u00f6rer kan ocks\u00e5 se och redigera den informationen.<\/p>\n\n\n\n<h2 class=\"wp-block-heading\">Vilka r\u00e4ttigheter har du \u00f6ver dina data<\/h2>\n\n\n\n<p>Om du har ett konto p\u00e5 den h\u00e4r webbplatsen eller har l\u00e4mnat kommentarer kan du beg\u00e4ra att du f\u00e5r en exporterad fil med de personuppgifter vi har om dig, inklusive alla uppgifter du har l\u00e4mnat till oss. Du kan ocks\u00e5 beg\u00e4ra att vi raderar alla personuppgifter vi h\u00e5ller om dig. Detta inkluderar inte n\u00e5gra uppgifter som vi \u00e4r skyldiga att beh\u00e5lla f\u00f6r administrativa, juridiska eller s\u00e4kerhets\u00e4ndam\u00e5l.<\/p>","protected":false},"excerpt":{"rendered":"<p>Who we are Our website address is: https:\/\/www.k-s.lu and our main company resides in Luxembourg with a Swedish branch. KUYLENSTIERNA [&hellip;]<\/p>","protected":false},"author":2,"featured_media":0,"parent":0,"menu_order":0,"comment_status":"closed","ping_status":"closed","template":"","meta":{"footnotes":""},"class_list":["post-3","page","type-page","status-publish","hentry"],"yoast_head":"<!-- This site is optimized with the Yoast SEO plugin v25.9 - https:\/\/yoast.com\/wordpress\/plugins\/seo\/ -->\n<title>Privacy Policy | Kuylenstierna &amp; Skog S.A<\/title>\n<meta name=\"robots\" content=\"index, follow, max-snippet:-1, max-image-preview:large, max-video-preview:-1\" \/>\n<link rel=\"canonical\" href=\"https:\/\/www.k-s.lu\/sv\/privacy-policy\/\" \/>\n<meta property=\"og:locale\" content=\"sv_SE\" \/>\n<meta property=\"og:type\" content=\"article\" \/>\n<meta property=\"og:title\" content=\"Privacy Policy | Kuylenstierna &amp; Skog S.A\" \/>\n<meta property=\"og:description\" content=\"Who we are Our website address is: https:\/\/www.k-s.lu and our main company resides in Luxembourg with a Swedish branch. KUYLENSTIERNA [&hellip;]\" \/>\n<meta property=\"og:url\" content=\"https:\/\/www.k-s.lu\/sv\/privacy-policy\/\" \/>\n<meta property=\"og:site_name\" content=\"Kuylenstierna &amp; Skog S.A\" \/>\n<meta property=\"article:modified_time\" content=\"2019-12-05T13:47:30+00:00\" \/>\n<meta name=\"twitter:card\" content=\"summary_large_image\" \/>\n<meta name=\"twitter:label1\" content=\"Ber\u00e4knad l\u00e4stid\" \/>\n\t<meta name=\"twitter:data1\" content=\"3 minuter\" \/>\n<script type=\"application\/ld+json\" class=\"yoast-schema-graph\">{\"@context\":\"https:\/\/schema.org\",\"@graph\":[{\"@type\":\"WebPage\",\"@id\":\"https:\/\/www.k-s.lu\/privacy-policy\/\",\"url\":\"https:\/\/www.k-s.lu\/privacy-policy\/\",\"name\":\"Privacy Policy | Kuylenstierna &amp; Skog S.A\",\"isPartOf\":{\"@id\":\"https:\/\/www.k-s.lu\/sv\/#website\"},\"datePublished\":\"2019-01-15T19:50:04+00:00\",\"dateModified\":\"2019-12-05T13:47:30+00:00\",\"breadcrumb\":{\"@id\":\"https:\/\/www.k-s.lu\/privacy-policy\/#breadcrumb\"},\"inLanguage\":\"sv-SE\",\"potentialAction\":[{\"@type\":\"ReadAction\",\"target\":[\"https:\/\/www.k-s.lu\/privacy-policy\/\"]}]},{\"@type\":\"BreadcrumbList\",\"@id\":\"https:\/\/www.k-s.lu\/privacy-policy\/#breadcrumb\",\"itemListElement\":[{\"@type\":\"ListItem\",\"position\":1,\"name\":\"Home\",\"item\":\"https:\/\/www.k-s.lu\/sv\/\"},{\"@type\":\"ListItem\",\"position\":2,\"name\":\"Privacy Policy\"}]},{\"@type\":\"WebSite\",\"@id\":\"https:\/\/www.k-s.lu\/sv\/#website\",\"url\":\"https:\/\/www.k-s.lu\/sv\/\",\"name\":\"Kuylenstierna &amp; Skog S.A\",\"description\":\"Asset Management\",\"publisher\":{\"@id\":\"https:\/\/www.k-s.lu\/sv\/#organization\"},\"potentialAction\":[{\"@type\":\"SearchAction\",\"target\":{\"@type\":\"EntryPoint\",\"urlTemplate\":\"https:\/\/www.k-s.lu\/sv\/?s={search_term_string}\"},\"query-input\":{\"@type\":\"PropertyValueSpecification\",\"valueRequired\":true,\"valueName\":\"search_term_string\"}}],\"inLanguage\":\"sv-SE\"},{\"@type\":\"Organization\",\"@id\":\"https:\/\/www.k-s.lu\/sv\/#organization\",\"name\":\"Kuylenstierna & Skog S.A\",\"url\":\"https:\/\/www.k-s.lu\/sv\/\",\"logo\":{\"@type\":\"ImageObject\",\"inLanguage\":\"sv-SE\",\"@id\":\"https:\/\/www.k-s.lu\/sv\/#\/schema\/logo\/image\/\",\"url\":\"https:\/\/www.k-s.lu\/wp-content\/uploads\/2019\/05\/ks-wplogo.png\",\"contentUrl\":\"https:\/\/www.k-s.lu\/wp-content\/uploads\/2019\/05\/ks-wplogo.png\",\"width\":190,\"height\":190,\"caption\":\"Kuylenstierna & Skog S.A\"},\"image\":{\"@id\":\"https:\/\/www.k-s.lu\/sv\/#\/schema\/logo\/image\/\"},\"sameAs\":[\"https:\/\/www.linkedin.com\/company\/kuylenstierna-skog-s-a\/\"]}]}<\/script>\n<!-- \/ Yoast SEO plugin. -->","yoast_head_json":{"title":"Sekretesspolicy | Kuylenstierna &amp; Skog SA","robots":{"index":"index","follow":"follow","max-snippet":"max-snippet:-1","max-image-preview":"max-image-preview:large","max-video-preview":"max-video-preview:-1"},"canonical":"https:\/\/www.k-s.lu\/sv\/privacy-policy\/","og_locale":"sv_SE","og_type":"article","og_title":"Privacy Policy | Kuylenstierna &amp; Skog S.A","og_description":"Who we are Our website address is: https:\/\/www.k-s.lu and our main company resides in Luxembourg with a Swedish branch. KUYLENSTIERNA [&hellip;]","og_url":"https:\/\/www.k-s.lu\/sv\/privacy-policy\/","og_site_name":"Kuylenstierna &amp; Skog S.A","article_modified_time":"2019-12-05T13:47:30+00:00","twitter_card":"summary_large_image","twitter_misc":{"Ber\u00e4knad l\u00e4stid":"3 minuter"},"schema":{"@context":"https:\/\/schema.org","@graph":[{"@type":"WebPage","@id":"https:\/\/www.k-s.lu\/privacy-policy\/","url":"https:\/\/www.k-s.lu\/privacy-policy\/","name":"Sekretesspolicy | Kuylenstierna &amp; Skog SA","isPartOf":{"@id":"https:\/\/www.k-s.lu\/sv\/#website"},"datePublished":"2019-01-15T19:50:04+00:00","dateModified":"2019-12-05T13:47:30+00:00","breadcrumb":{"@id":"https:\/\/www.k-s.lu\/privacy-policy\/#breadcrumb"},"inLanguage":"sv-SE","potentialAction":[{"@type":"ReadAction","target":["https:\/\/www.k-s.lu\/privacy-policy\/"]}]},{"@type":"BreadcrumbList","@id":"https:\/\/www.k-s.lu\/privacy-policy\/#breadcrumb","itemListElement":[{"@type":"ListItem","position":1,"name":"Home","item":"https:\/\/www.k-s.lu\/sv\/"},{"@type":"ListItem","position":2,"name":"Privacy Policy"}]},{"@type":"WebSite","@id":"https:\/\/www.k-s.lu\/sv\/#website","url":"https:\/\/www.k-s.lu\/sv\/","name":"Kuylenstierna &amp; Skog S.A","description":"Kapitalf\u00f6rvaltning","publisher":{"@id":"https:\/\/www.k-s.lu\/sv\/#organization"},"potentialAction":[{"@type":"SearchAction","target":{"@type":"EntryPoint","urlTemplate":"https:\/\/www.k-s.lu\/sv\/?s={search_term_string}"},"query-input":{"@type":"PropertyValueSpecification","valueRequired":true,"valueName":"search_term_string"}}],"inLanguage":"sv-SE"},{"@type":"Organization","@id":"https:\/\/www.k-s.lu\/sv\/#organization","name":"Kuylenstierna &amp; Skog S.A","url":"https:\/\/www.k-s.lu\/sv\/","logo":{"@type":"ImageObject","inLanguage":"sv-SE","@id":"https:\/\/www.k-s.lu\/sv\/#\/schema\/logo\/image\/","url":"https:\/\/www.k-s.lu\/wp-content\/uploads\/2019\/05\/ks-wplogo.png","contentUrl":"https:\/\/www.k-s.lu\/wp-content\/uploads\/2019\/05\/ks-wplogo.png","width":190,"height":190,"caption":"Kuylenstierna & Skog S.A"},"image":{"@id":"https:\/\/www.k-s.lu\/sv\/#\/schema\/logo\/image\/"},"sameAs":["https:\/\/www.linkedin.com\/company\/kuylenstierna-skog-s-a\/"]}]}},"_links":{"self":[{"href":"https:\/\/www.k-s.lu\/sv\/wp-json\/wp\/v2\/pages\/3","targetHints":{"allow":["GET"]}}],"collection":[{"href":"https:\/\/www.k-s.lu\/sv\/wp-json\/wp\/v2\/pages"}],"about":[{"href":"https:\/\/www.k-s.lu\/sv\/wp-json\/wp\/v2\/types\/page"}],"author":[{"embeddable":true,"href":"https:\/\/www.k-s.lu\/sv\/wp-json\/wp\/v2\/users\/2"}],"replies":[{"embeddable":true,"href":"https:\/\/www.k-s.lu\/sv\/wp-json\/wp\/v2\/comments?post=3"}],"version-history":[{"count":11,"href":"https:\/\/www.k-s.lu\/sv\/wp-json\/wp\/v2\/pages\/3\/revisions"}],"predecessor-version":[{"id":79421,"href":"https:\/\/www.k-s.lu\/sv\/wp-json\/wp\/v2\/pages\/3\/revisions\/79421"}],"wp:attachment":[{"href":"https:\/\/www.k-s.lu\/sv\/wp-json\/wp\/v2\/media?parent=3"}],"curies":[{"name":"wp","href":"https:\/\/api.w.org\/{rel}","templated":true}]}}